{"id":3468,"date":"2025-12-24T10:08:40","date_gmt":"2025-12-24T09:08:40","guid":{"rendered":"https:\/\/www.hotelmiramaretrieste.it\/zimmer-mit-seitlichem-meerblick\/"},"modified":"2026-03-26T09:43:32","modified_gmt":"2026-03-26T08:43:32","slug":"zimmer-mit-seitlichem-meerblick","status":"publish","type":"page","link":"https:\/\/www.hotelmiramaretrieste.it\/de\/zimmer-mit-seitlichem-meerblick\/","title":{"rendered":"Doppelzimmer Essential Mediterraneo"},"content":{"rendered":"\t\t<div data-elementor-type=\"wp-page\" data-elementor-id=\"3468\" class=\"elementor elementor-3468 elementor-2065\" data-elementor-post-type=\"page\">\n\t\t\t\t<div class=\"elementor-element elementor-element-c54f5eb slidertop e-flex e-con-boxed e-con e-parent\" data-id=\"c54f5eb\" data-element_type=\"container\" data-settings=\"{&quot;background_background&quot;:&quot;slideshow&quot;,&quot;background_slideshow_gallery&quot;:[{&quot;id&quot;:2081,&quot;url&quot;:&quot;https:\\\/\\\/www.hotelmiramaretrieste.it\\\/wp-content\\\/uploads\\\/2025\\\/12\\\/vista_mare_parziale_001.webp&quot;},{&quot;id&quot;:2084,&quot;url&quot;:&quot;https:\\\/\\\/www.hotelmiramaretrieste.it\\\/wp-content\\\/uploads\\\/2025\\\/12\\\/vista_mare_parziale_002.jpeg&quot;},{&quot;id&quot;:2087,&quot;url&quot;:&quot;https:\\\/\\\/www.hotelmiramaretrieste.it\\\/wp-content\\\/uploads\\\/2025\\\/12\\\/vista_mare_parziale_003.webp&quot;},{&quot;id&quot;:2090,&quot;url&quot;:&quot;https:\\\/\\\/www.hotelmiramaretrieste.it\\\/wp-content\\\/uploads\\\/2025\\\/12\\\/vista_mare_parziale_004.webp&quot;},{&quot;id&quot;:2093,&quot;url&quot;:&quot;https:\\\/\\\/www.hotelmiramaretrieste.it\\\/wp-content\\\/uploads\\\/2025\\\/12\\\/vista_mare_parziale_005.jpeg&quot;},{&quot;id&quot;:2096,&quot;url&quot;:&quot;https:\\\/\\\/www.hotelmiramaretrieste.it\\\/wp-content\\\/uploads\\\/2025\\\/12\\\/vista_mare_parziale_006.jpeg&quot;},{&quot;id&quot;:2099,&quot;url&quot;:&quot;https:\\\/\\\/www.hotelmiramaretrieste.it\\\/wp-content\\\/uploads\\\/2025\\\/12\\\/vista_mare_parziale_007.jpeg&quot;},{&quot;id&quot;:2102,&quot;url&quot;:&quot;https:\\\/\\\/www.hotelmiramaretrieste.it\\\/wp-content\\\/uploads\\\/2025\\\/12\\\/vista_mare_parziale_008.webp&quot;}],&quot;background_slideshow_lazyload&quot;:&quot;yes&quot;,&quot;background_slideshow_ken_burns&quot;:&quot;yes&quot;,&quot;background_slideshow_loop&quot;:&quot;yes&quot;,&quot;background_slideshow_slide_duration&quot;:5000,&quot;background_slideshow_slide_transition&quot;:&quot;fade&quot;,&quot;background_slideshow_transition_duration&quot;:500,&quot;background_slideshow_ken_burns_zoom_direction&quot;:&quot;in&quot;}\">\n\t\t\t\t\t<div class=\"e-con-inner\">\n\t\t\t\t<div class=\"elementor-element elementor-element-06490a5 elementor-absolute elementor-hidden-tablet elementor-hidden-mobile elementor-widget elementor-widget-image\" data-id=\"06490a5\" data-element_type=\"widget\" data-settings=\"{&quot;_position&quot;:&quot;absolute&quot;}\" data-widget_type=\"image.default\">\n\t\t\t\t<div class=\"elementor-widget-container\">\n\t\t\t\t\t\t\t\t\t\t\t\t\t\t\t<img fetchpriority=\"high\" decoding=\"async\" width=\"644\" height=\"614\" src=\"https:\/\/www.hotelmiramaretrieste.it\/wp-content\/uploads\/2025\/12\/deco1.png\" class=\"attachment-large size-large wp-image-1601\" alt=\"Ein geometrisches Netzwerk aus wei\u00dfen Punkten und Linien auf schwarzem Hintergrund.\" srcset=\"https:\/\/www.hotelmiramaretrieste.it\/wp-content\/uploads\/2025\/12\/deco1.png 644w, https:\/\/www.hotelmiramaretrieste.it\/wp-content\/uploads\/2025\/12\/deco1-300x286.png 300w\" sizes=\"(max-width: 644px) 100vw, 644px\" \/>\t\t\t\t\t\t\t\t\t\t\t\t\t\t\t<\/div>\n\t\t\t\t<\/div>\n\t\t\t\t<div class=\"elementor-element elementor-element-c9cbbc1 elementor-view-stacked elementor-shape-circle elementor-widget elementor-widget-icon\" data-id=\"c9cbbc1\" data-element_type=\"widget\" data-widget_type=\"icon.default\">\n\t\t\t\t<div class=\"elementor-widget-container\">\n\t\t\t\t\t\t\t<div class=\"elementor-icon-wrapper\">\n\t\t\t<a class=\"elementor-icon\" href=\"#start\">\n\t\t\t<svg xmlns=\"http:\/\/www.w3.org\/2000\/svg\" viewBox=\"0 0 640 640\"><path d=\"M537.5 303C546.9 312.4 546.9 327.6 537.5 336.9L337.5 536.9C328.1 546.3 312.9 546.3 303.6 536.9C294.3 527.5 294.2 512.3 303.6 503L486.6 320L303.6 137C294.2 127.6 294.2 112.4 303.6 103.1C313 93.8 328.2 93.7 337.5 103.1L537.5 303.1zM145.5 103L345.5 303C354.9 312.4 354.9 327.6 345.5 336.9L145.5 537C136.1 546.4 120.9 546.4 111.6 537C102.3 527.6 102.2 512.4 111.6 503.1L294.6 320.1L111.6 137.1C102.2 127.7 102.2 112.5 111.6 103.2C121 93.9 136.2 93.8 145.5 103.2z\"><\/path><\/svg>\t\t\t<\/a>\n\t\t<\/div>\n\t\t\t\t\t\t<\/div>\n\t\t\t\t<\/div>\n\t\t\t\t\t<\/div>\n\t\t\t\t<\/div>\n\t\t<div class=\"elementor-element elementor-element-0bc5ab6 e-flex e-con-boxed e-con e-parent\" data-id=\"0bc5ab6\" data-element_type=\"container\">\n\t\t\t\t\t<div class=\"e-con-inner\">\n\t\t\t\t<div class=\"elementor-element elementor-element-f464791 elementor-absolute elementor-widget elementor-widget-menu-anchor\" data-id=\"f464791\" data-element_type=\"widget\" data-settings=\"{&quot;_position&quot;:&quot;absolute&quot;}\" data-widget_type=\"menu-anchor.default\">\n\t\t\t\t<div class=\"elementor-widget-container\">\n\t\t\t\t\t\t\t<div class=\"elementor-menu-anchor\" id=\"start\"><\/div>\n\t\t\t\t\t\t<\/div>\n\t\t\t\t<\/div>\n\t\t\t\t<div class=\"elementor-element elementor-element-7ecce30 elementor-widget elementor-widget-heading\" data-id=\"7ecce30\" data-element_type=\"widget\" data-widget_type=\"heading.default\">\n\t\t\t\t<div class=\"elementor-widget-container\">\n\t\t\t\t\t<h1 class=\"elementor-heading-title elementor-size-default\">Doppelzimmer Essential Mediterraneo<\/h1>\t\t\t\t<\/div>\n\t\t\t\t<\/div>\n\t\t\t\t<div class=\"elementor-element elementor-element-e108c0d elementor-widget elementor-widget-heading\" data-id=\"e108c0d\" data-element_type=\"widget\" data-widget_type=\"heading.default\">\n\t\t\t\t<div class=\"elementor-widget-container\">\n\t\t\t\t\t<p class=\"elementor-heading-title elementor-size-default\">Unser Doppelzimmer Essential Mediterraneo ist ein bezaubernder R\u00fcckzugsort und eine ausgezeichnete Wahl f\u00fcr Kurzaufenthalte.<\/p>\t\t\t\t<\/div>\n\t\t\t\t<\/div>\n\t\t\t\t<div class=\"elementor-element elementor-element-e279a6f elementor-widget elementor-widget-text-editor\" data-id=\"e279a6f\" data-element_type=\"widget\" data-widget_type=\"text-editor.default\">\n\t\t\t\t<div class=\"elementor-widget-container\">\n\t\t\t\t\t\t\t\t\t<p>Obwohl es etwas kompakter als unsere anderen Doppelzimmer ist und \u00fcber einen m\u00e4\u00dfig gro\u00dfen Kleiderschrank verf\u00fcgt, bietet dieses Zimmer alles Notwendige f\u00fcr einen komfortablen und entspannenden Aufenthalt.<\/p>\n<p>Das Highlight des Zimmers ist zweifellos die Sonnenterrasse, ein wahrer Ort des Paradieses. Ausgestattet mit einem Sonnenschirm und Sonnenliegen, ist diese Terrasse von Pflanzen und typisch mediterranen D\u00fcften umgeben, die die Grenzen zwischen Traum und Realit\u00e4t verwischen und sich in eine Oase der Ruhe und Pracht verwandeln. Von der Terrasse aus genie\u00dft man einen atemberaubenden Blick auf das Meer, der zusammen mit der gem\u00fctlichen Atmosph\u00e4re des Innenraums dieses Zimmer zur idealen Wahl f\u00fcr einen kurzen Urlaub am Meer und kulturelle Erlebnisse in der charmanten Stadt Triest macht.<\/p>\n\t\t\t\t\t\t\t\t<\/div>\n\t\t\t\t<\/div>\n\t\t\t\t\t<\/div>\n\t\t\t\t<\/div>\n\t\t<div class=\"elementor-element elementor-element-1ff48ef e-flex e-con-boxed e-con e-parent\" data-id=\"1ff48ef\" data-element_type=\"container\">\n\t\t\t\t\t<div class=\"e-con-inner\">\n\t\t<div class=\"elementor-element elementor-element-ea4612e e-con-full e-flex e-con e-child\" data-id=\"ea4612e\" data-element_type=\"container\">\n\t\t<div class=\"elementor-element elementor-element-ab4fd2b e-con-full animato-on-scroll fade-up e-flex e-con e-child\" data-id=\"ab4fd2b\" data-element_type=\"container\" data-settings=\"{&quot;background_background&quot;:&quot;classic&quot;,&quot;position&quot;:&quot;absolute&quot;}\">\n\t\t<div class=\"elementor-element elementor-element-53b32e2 e-con-full e-flex e-con e-child\" data-id=\"53b32e2\" data-element_type=\"container\">\n\t\t\t\t<div class=\"elementor-element elementor-element-6c89232 elementor-widget elementor-widget-heading\" data-id=\"6c89232\" data-element_type=\"widget\" data-widget_type=\"heading.default\">\n\t\t\t\t<div class=\"elementor-widget-container\">\n\t\t\t\t\t<h2 class=\"elementor-heading-title elementor-size-default\">Doppelzimmer Essential Mediterraneo<\/h2>\t\t\t\t<\/div>\n\t\t\t\t<\/div>\n\t\t\t\t<div class=\"elementor-element elementor-element-bfd8b90 elementor-widget elementor-widget-text-editor\" data-id=\"bfd8b90\" data-element_type=\"widget\" data-widget_type=\"text-editor.default\">\n\t\t\t\t<div class=\"elementor-widget-container\">\n\t\t\t\t\t\t\t\t\t<p>Sichern Sie sich eine unserer Mediterraneo\u00a0Essential Zimmer, bevor es andere tun!<\/p>\n\t\t\t\t\t\t\t\t<\/div>\n\t\t\t\t<\/div>\n\t\t\t\t<div class=\"elementor-element elementor-element-783c075 elementor-align-right elementor-widget elementor-widget-button\" data-id=\"783c075\" data-element_type=\"widget\" data-widget_type=\"button.default\">\n\t\t\t\t<div class=\"elementor-widget-container\">\n\t\t\t\t\t\t\t\t\t<div class=\"elementor-button-wrapper\">\n\t\t\t\t\t<a class=\"elementor-button elementor-button-link elementor-size-sm\" href=\"https:\/\/www.simplebooking.it\/ibe\/hotelbooking\/search?hid=2459&#038;lang=DE\" target=\"_blank\" rel=\"noopener\">\n\t\t\t\t\t\t<span class=\"elementor-button-content-wrapper\">\n\t\t\t\t\t\t\t\t\t<span class=\"elementor-button-text\">Jetzt buchen!<\/span>\n\t\t\t\t\t<\/span>\n\t\t\t\t\t<\/a>\n\t\t\t\t<\/div>\n\t\t\t\t\t\t\t\t<\/div>\n\t\t\t\t<\/div>\n\t\t\t\t<\/div>\n\t\t<div class=\"elementor-element elementor-element-b99fecf e-con-full elementor-hidden-mobile e-flex e-con e-child\" data-id=\"b99fecf\" data-element_type=\"container\" data-settings=\"{&quot;background_background&quot;:&quot;classic&quot;}\">\n\t\t<div class=\"elementor-element elementor-element-cae9e61 e-con-full e-flex e-con e-child\" data-id=\"cae9e61\" data-element_type=\"container\" data-settings=\"{&quot;background_background&quot;:&quot;classic&quot;}\">\n\t\t\t\t<\/div>\n\t\t<div class=\"elementor-element elementor-element-d998cb5 e-con-full e-flex e-con e-child\" data-id=\"d998cb5\" data-element_type=\"container\" data-settings=\"{&quot;background_background&quot;:&quot;classic&quot;}\">\n\t\t\t\t<\/div>\n\t\t<div class=\"elementor-element elementor-element-43874d1 e-con-full e-flex e-con e-child\" data-id=\"43874d1\" data-element_type=\"container\" data-settings=\"{&quot;background_background&quot;:&quot;classic&quot;}\">\n\t\t\t\t<\/div>\n\t\t\t\t<\/div>\n\t\t\t\t<\/div>\n\t\t<div class=\"elementor-element elementor-element-3f8ea30 e-con-full e-flex e-con e-child\" data-id=\"3f8ea30\" data-element_type=\"container\" data-settings=\"{&quot;background_background&quot;:&quot;classic&quot;,&quot;motion_fx_motion_fx_scrolling&quot;:&quot;yes&quot;,&quot;motion_fx_translateX_effect&quot;:&quot;yes&quot;,&quot;motion_fx_translateX_direction&quot;:&quot;negative&quot;,&quot;motion_fx_translateX_speed&quot;:{&quot;unit&quot;:&quot;px&quot;,&quot;size&quot;:2,&quot;sizes&quot;:[]},&quot;motion_fx_translateX_affectedRange&quot;:{&quot;unit&quot;:&quot;%&quot;,&quot;size&quot;:&quot;&quot;,&quot;sizes&quot;:{&quot;start&quot;:0,&quot;end&quot;:50}},&quot;motion_fx_opacity_effect&quot;:&quot;yes&quot;,&quot;motion_fx_opacity_range&quot;:{&quot;unit&quot;:&quot;%&quot;,&quot;size&quot;:&quot;&quot;,&quot;sizes&quot;:{&quot;start&quot;:0,&quot;end&quot;:50}},&quot;motion_fx_devices&quot;:[&quot;desktop&quot;,&quot;laptop&quot;,&quot;tablet_extra&quot;],&quot;motion_fx_opacity_direction&quot;:&quot;out-in&quot;,&quot;motion_fx_opacity_level&quot;:{&quot;unit&quot;:&quot;px&quot;,&quot;size&quot;:10,&quot;sizes&quot;:[]}}\">\n\t\t\t\t<\/div>\n\t\t<div class=\"elementor-element elementor-element-0a877ee e-con-full e-flex e-con e-child\" data-id=\"0a877ee\" data-element_type=\"container\" data-settings=\"{&quot;background_background&quot;:&quot;classic&quot;,&quot;motion_fx_motion_fx_scrolling&quot;:&quot;yes&quot;,&quot;motion_fx_devices&quot;:[&quot;desktop&quot;,&quot;laptop&quot;,&quot;tablet_extra&quot;]}\">\n\t\t\t\t<div class=\"elementor-element elementor-element-537eaec elementor-absolute elementor-hidden-mobile elementor-widget elementor-widget-image\" data-id=\"537eaec\" data-element_type=\"widget\" data-settings=\"{&quot;_position&quot;:&quot;absolute&quot;}\" data-widget_type=\"image.default\">\n\t\t\t\t<div class=\"elementor-widget-container\">\n\t\t\t\t\t\t\t\t\t\t\t\t\t\t\t<img decoding=\"async\" width=\"962\" height=\"787\" src=\"https:\/\/www.hotelmiramaretrieste.it\/wp-content\/uploads\/2025\/12\/deco3.png\" class=\"attachment-full size-full wp-image-1494\" alt=\"Ein abstraktes Netz von wei\u00dfen Punkten und Linien auf schwarzem Hintergrund.\" srcset=\"https:\/\/www.hotelmiramaretrieste.it\/wp-content\/uploads\/2025\/12\/deco3.png 962w, https:\/\/www.hotelmiramaretrieste.it\/wp-content\/uploads\/2025\/12\/deco3-300x245.png 300w, https:\/\/www.hotelmiramaretrieste.it\/wp-content\/uploads\/2025\/12\/deco3-768x628.png 768w\" sizes=\"(max-width: 962px) 100vw, 962px\" loading=\"lazy\" \/>\t\t\t\t\t\t\t\t\t\t\t\t\t\t\t<\/div>\n\t\t\t\t<\/div>\n\t\t<div class=\"elementor-element elementor-element-41e8dc3 e-con-full e-flex e-con e-child\" data-id=\"41e8dc3\" data-element_type=\"container\" data-settings=\"{&quot;motion_fx_motion_fx_scrolling&quot;:&quot;yes&quot;,&quot;motion_fx_translateX_effect&quot;:&quot;yes&quot;,&quot;motion_fx_translateX_speed&quot;:{&quot;unit&quot;:&quot;px&quot;,&quot;size&quot;:2,&quot;sizes&quot;:[]},&quot;motion_fx_translateX_affectedRange&quot;:{&quot;unit&quot;:&quot;%&quot;,&quot;size&quot;:&quot;&quot;,&quot;sizes&quot;:{&quot;start&quot;:0,&quot;end&quot;:50}},&quot;motion_fx_opacity_effect&quot;:&quot;yes&quot;,&quot;motion_fx_opacity_range&quot;:{&quot;unit&quot;:&quot;%&quot;,&quot;size&quot;:&quot;&quot;,&quot;sizes&quot;:{&quot;start&quot;:0,&quot;end&quot;:50}},&quot;motion_fx_devices&quot;:[&quot;desktop&quot;,&quot;laptop&quot;,&quot;tablet_extra&quot;],&quot;motion_fx_opacity_direction&quot;:&quot;out-in&quot;,&quot;motion_fx_opacity_level&quot;:{&quot;unit&quot;:&quot;px&quot;,&quot;size&quot;:10,&quot;sizes&quot;:[]}}\">\n\t\t\t\t<div class=\"elementor-element elementor-element-5dd4809 elementor-widget elementor-widget-heading\" data-id=\"5dd4809\" data-element_type=\"widget\" data-widget_type=\"heading.default\">\n\t\t\t\t<div class=\"elementor-widget-container\">\n\t\t\t\t\t<p class=\"elementor-heading-title elementor-size-default\">Die Zimmer sind mit allen modernen Annehmlichkeiten ausgestattet, um einen angenehmen und erholsamen Aufenthalt zu gew\u00e4hrleisten:<\/p>\t\t\t\t<\/div>\n\t\t\t\t<\/div>\n\t\t\t\t<div class=\"elementor-element elementor-element-592e308 elementor-icon-list--layout-traditional elementor-list-item-link-full_width elementor-widget elementor-widget-icon-list\" data-id=\"592e308\" data-element_type=\"widget\" data-widget_type=\"icon-list.default\">\n\t\t\t\t<div class=\"elementor-widget-container\">\n\t\t\t\t\t\t\t<ul class=\"elementor-icon-list-items\">\n\t\t\t\t\t\t\t<li class=\"elementor-icon-list-item\">\n\t\t\t\t\t\t\t\t\t\t\t<span class=\"elementor-icon-list-icon\">\n\t\t\t\t\t\t\t<svg xmlns=\"http:\/\/www.w3.org\/2000\/svg\" viewBox=\"0 0 640 640\"><path d=\"M96 160C78.3 160 64 174.3 64 192L64 320C64 337.7 78.3 352 96 352L544 352C561.7 352 576 337.7 576 320L576 192C576 174.3 561.7 160 544 160L96 160zM32 192C32 156.7 60.7 128 96 128L544 128C579.3 128 608 156.7 608 192L608 320C608 355.3 579.3 384 544 384L96 384C60.7 384 32 355.3 32 320L32 192zM144 256L496 256C504.8 256 512 263.2 512 272C512 280.8 504.8 288 496 288L144 288C135.2 288 128 280.8 128 272C128 263.2 135.2 256 144 256zM256 544L256 432L288 432L288 544C288 579.3 259.3 608 224 608C188.7 608 160 579.3 160 544C160 535.2 167.2 528 176 528C184.8 528 192 535.2 192 544C192 561.7 206.3 576 224 576C241.7 576 256 561.7 256 544zM384 432L384 544C384 561.7 398.3 576 416 576C433.7 576 448 561.7 448 544L448 536C448 527.2 455.2 520 464 520C472.8 520 480 527.2 480 536L480 544C480 579.3 451.3 608 416 608C380.7 608 352 579.3 352 544L352 432L384 432z\"><\/path><\/svg>\t\t\t\t\t\t<\/span>\n\t\t\t\t\t\t\t\t\t\t<span class=\"elementor-icon-list-text\">Unabh\u00e4ngige Klimaanlage f\u00fcr eine stets frische und angenehme Atmosph\u00e4re.<\/span>\n\t\t\t\t\t\t\t\t\t<\/li>\n\t\t\t\t\t\t\t\t<li class=\"elementor-icon-list-item\">\n\t\t\t\t\t\t\t\t\t\t\t<span class=\"elementor-icon-list-icon\">\n\t\t\t\t\t\t\t<svg xmlns=\"http:\/\/www.w3.org\/2000\/svg\" viewBox=\"0 0 640 640\"><path d=\"M128 125.3C128 109.1 141.1 96 157.3 96C165.1 96 172.5 99.1 178 104.6L203 129.7C196 140.8 192 153.9 192 168C192 188.2 200.3 206.5 213.8 219.6L212.7 220.7C206.5 226.9 206.5 237.1 212.7 243.3C218.9 249.5 229.1 249.5 235.3 243.3L339.3 139.3C345.5 133.1 345.5 122.9 339.3 116.7C333.1 110.5 322.9 110.5 316.7 116.7L315.6 117.8C302.5 104.4 284.2 96 264 96C249.9 96 236.8 100 225.7 107L200.6 81.9C189.1 70.5 173.5 64 157.3 64C123.4 64 96 91.4 96 125.3L96 320L80 320C71.2 320 64 327.2 64 336C64 344.8 71.2 352 80 352L96 352L96 432C96 462.5 108.2 490.2 128 510.4L128 560C128 568.8 135.2 576 144 576C152.8 576 160 568.8 160 560L160 533.2C174.5 540.1 190.8 544 208 544L432 544C449.2 544 465.5 540.1 480 533.2L480 560C480 568.8 487.2 576 496 576C504.8 576 512 568.8 512 560L512 510.4C531.8 490.2 544 462.5 544 432L544 352L560 352C568.8 352 576 344.8 576 336C576 327.2 568.8 320 560 320L128 320L128 125.3zM293 140.4L236.4 197C228.8 189.7 224 179.4 224 168C224 145.9 241.9 128 264 128C275.4 128 285.7 132.8 293 140.4zM128 352L512 352L512 432C512 476.2 476.2 512 432 512L208 512C163.8 512 128 476.2 128 432L128 352z\"><\/path><\/svg>\t\t\t\t\t\t<\/span>\n\t\t\t\t\t\t\t\t\t\t<span class=\"elementor-icon-list-text\">Privates Badezimmer mit Dusche.<\/span>\n\t\t\t\t\t\t\t\t\t<\/li>\n\t\t\t\t\t\t\t\t<li class=\"elementor-icon-list-item\">\n\t\t\t\t\t\t\t\t\t\t\t<span class=\"elementor-icon-list-icon\">\n\t\t\t\t\t\t\t<svg xmlns=\"http:\/\/www.w3.org\/2000\/svg\" viewBox=\"0 0 640 640\"><path d=\"M96 128C78.3 128 64 142.3 64 160L64 416C64 433.7 78.3 448 96 448L544 448C561.7 448 576 433.7 576 416L576 160C576 142.3 561.7 128 544 128L96 128zM32 160C32 124.7 60.7 96 96 96L544 96C579.3 96 608 124.7 608 160L608 416C608 451.3 579.3 480 544 480L96 480C60.7 480 32 451.3 32 416L32 160zM176 544L464 544C472.8 544 480 551.2 480 560C480 568.8 472.8 576 464 576L176 576C167.2 576 160 568.8 160 560C160 551.2 167.2 544 176 544z\"><\/path><\/svg>\t\t\t\t\t\t<\/span>\n\t\t\t\t\t\t\t\t\t\t<span class=\"elementor-icon-list-text\">Fernseher mit Zugang zu Satellitenkan\u00e4len f\u00fcr qualitativ hochwertige Unterhaltung.<\/span>\n\t\t\t\t\t\t\t\t\t<\/li>\n\t\t\t\t\t\t\t\t<li class=\"elementor-icon-list-item\">\n\t\t\t\t\t\t\t\t\t\t\t<span class=\"elementor-icon-list-icon\">\n\t\t\t\t\t\t\t<svg xmlns=\"http:\/\/www.w3.org\/2000\/svg\" viewBox=\"0 0 640 640\"><path d=\"M59.3 36.8C53.1 30.6 42.9 30.6 36.7 36.8C30.5 43 30.5 53.2 36.7 59.4L580.7 603.4C586.9 609.6 597.1 609.6 603.3 603.4C609.5 597.2 609.5 587 603.3 580.8L352 329.5L352 129.9C352 111.2 336.8 96 318.1 96C309.1 96 300.5 99.6 294.1 105.9L211.3 188.7L59.3 36.7zM233.9 211.4L316.7 128.6C317.1 128.2 317.6 128 318.1 128C319.2 128 320 128.9 320 129.9L320 297.4L233.9 211.3zM133.5 224L112 224C85.5 224 64 245.5 64 272L64 368C64 394.5 85.5 416 112 416L176 416L294.1 534.1C300.5 540.5 309.1 544 318.1 544C336.8 544 352 528.8 352 510.1L352 442.6L320 410.6L320 510.1C320 511.2 319.1 512 318.1 512C317.6 512 317.1 511.8 316.7 511.4L198.6 393.4C192.6 387.4 184.5 384 176 384L112 384C103.2 384 96 376.8 96 368L96 272C96 263.2 103.2 256 112 256L165.5 256L133.5 224zM441.6 243.2C434.5 237.9 424.5 239.3 419.2 246.4C413.9 253.5 415.3 263.5 422.4 268.8C438 280.5 448 299.1 448 320C448 330.9 445.3 341.1 440.5 350L463.8 373.3C474 358.1 480 339.7 480 320C480 288.6 464.9 260.7 441.6 243.2zM576 320C576 260.4 548.8 207.1 506.2 171.9C499.4 166.3 489.3 167.2 483.7 174C478.1 180.8 479 190.9 485.8 196.5C521.4 225.9 544 270.3 544 319.9C544 357.3 531.2 391.7 509.6 419L532.4 441.8C559.6 408.7 576 366.3 576 320z\"><\/path><\/svg>\t\t\t\t\t\t<\/span>\n\t\t\t\t\t\t\t\t\t\t<span class=\"elementor-icon-list-text\">Vollst\u00e4ndige Schalld\u00e4mmung f\u00fcr Ruhe und Entspannung.<\/span>\n\t\t\t\t\t\t\t\t\t<\/li>\n\t\t\t\t\t\t\t\t<li class=\"elementor-icon-list-item\">\n\t\t\t\t\t\t\t\t\t\t\t<span class=\"elementor-icon-list-icon\">\n\t\t\t\t\t\t\t<svg xmlns=\"http:\/\/www.w3.org\/2000\/svg\" viewBox=\"0 0 640 640\"><path d=\"M59.3 236.2C126 169.4 218.1 128 320 128C421.9 128 514 169.4 580.7 236.2C586.9 242.5 597.1 242.5 603.3 236.2C609.5 229.9 609.6 219.8 603.3 213.6C530.9 141 430.7 96 320 96C209.3 96 109.1 141 36.7 213.6C30.5 219.9 30.5 230 36.7 236.2C42.9 242.4 53.1 242.4 59.3 236.2zM320 304C379.4 304 432.5 330.9 467.7 373.3C473.3 380.1 483.4 381 490.2 375.4C497 369.8 497.9 359.7 492.3 352.9C451.2 303.5 389.3 272 320 272C250.7 272 188.8 303.5 147.7 352.9C142 359.7 143 369.8 149.8 375.4C156.6 381 166.7 380.1 172.3 373.3C207.5 330.9 260.6 304 320 304zM320 464C333.3 464 344 474.7 344 488C344 501.3 333.3 512 320 512C306.7 512 296 501.3 296 488C296 474.7 306.7 464 320 464zM320 544C350.9 544 376 518.9 376 488C376 457.1 350.9 432 320 432C289.1 432 264 457.1 264 488C264 518.9 289.1 544 320 544z\"><\/path><\/svg>\t\t\t\t\t\t<\/span>\n\t\t\t\t\t\t\t\t\t\t<span class=\"elementor-icon-list-text\">Safe, Haartrockner, Minibar und kostenloser WLAN-Zugang.<\/span>\n\t\t\t\t\t\t\t\t\t<\/li>\n\t\t\t\t\t\t\t\t<li class=\"elementor-icon-list-item\">\n\t\t\t\t\t\t\t\t\t\t\t<span class=\"elementor-icon-list-icon\">\n\t\t\t\t\t\t\t<svg xmlns=\"http:\/\/www.w3.org\/2000\/svg\" viewBox=\"0 0 640 640\"><path d=\"M320 96C443.7 96 544 196.3 544 320C544 443.7 443.7 544 320 544C196.3 544 96 443.7 96 320C96 196.3 196.3 96 320 96zM320 576C461.4 576 576 461.4 576 320C576 178.6 461.4 64 320 64C178.6 64 64 178.6 64 320C64 461.4 178.6 576 320 576zM272 416C263.2 416 256 423.2 256 432C256 440.8 263.2 448 272 448L368 448C376.8 448 384 440.8 384 432C384 423.2 376.8 416 368 416L336 416L336 304C336 295.2 328.8 288 320 288L272 288C263.2 288 256 295.2 256 304C256 312.8 263.2 320 272 320L304 320L304 416L272 416zM320 248C333.3 248 344 237.3 344 224C344 210.7 333.3 200 320 200C306.7 200 296 210.7 296 224C296 237.3 306.7 248 320 248z\"><\/path><\/svg>\t\t\t\t\t\t<\/span>\n\t\t\t\t\t\t\t\t\t\t<span class=\"elementor-icon-list-text\">Zugang zu Guestnet Info f\u00fcr alle notwendigen Informationen w\u00e4hrend des Aufenthalts.<\/span>\n\t\t\t\t\t\t\t\t\t<\/li>\n\t\t\t\t\t\t<\/ul>\n\t\t\t\t\t\t<\/div>\n\t\t\t\t<\/div>\n\t\t\t\t<div class=\"elementor-element elementor-element-31c3137 elementor-widget elementor-widget-text-editor\" data-id=\"31c3137\" data-element_type=\"widget\" data-widget_type=\"text-editor.default\">\n\t\t\t\t<div class=\"elementor-widget-container\">\n\t\t\t\t\t\t\t\t\t<p>Auch diese Art von Zimmer garantiert einen ausgezeichneten Schlafkomfort dank der modernen SIMMONS-Matratzen mit einzeln ummantelten Federn f\u00fcr eine stets ausgewogene Unterst\u00fctzung (auf Anfrage kann auch ein weicher Topper verwendet werden).<\/p>\n\t\t\t\t\t\t\t\t<\/div>\n\t\t\t\t<\/div>\n\t\t\t\t<\/div>\n\t\t\t\t<\/div>\n\t\t\t\t<\/div>\n\t\t\t\t\t<\/div>\n\t\t\t\t<\/div>\n\t\t\t\t<\/div>\n\t\t","protected":false},"excerpt":{"rendered":"<p>Doppelzimmer Essential Mediterraneo Unser Doppelzimmer Essential Mediterraneo ist ein bezaubernder R\u00fcckzugsort und eine ausgezeichnete Wahl f\u00fcr Kurzaufenthalte. Obwohl es etwas kompakter als unsere anderen Doppelzimmer ist und \u00fcber einen m\u00e4\u00dfig gro\u00dfen Kleiderschrank verf\u00fcgt, bietet dieses Zimmer alles Notwendige f\u00fcr einen komfortablen und entspannenden Aufenthalt. Das Highlight des Zimmers ist zweifellos die Sonnenterrasse, ein wahrer Ort [&hellip;]<\/p>\n","protected":false},"author":2,"featured_media":0,"parent":0,"menu_order":0,"comment_status":"closed","ping_status":"closed","template":"","meta":{"_acf_changed":false,"footnotes":""},"class_list":["post-3468","page","type-page","status-publish","hentry"],"acf":[],"_links":{"self":[{"href":"https:\/\/www.hotelmiramaretrieste.it\/de\/wp-json\/wp\/v2\/pages\/3468","targetHints":{"allow":["GET"]}}],"collection":[{"href":"https:\/\/www.hotelmiramaretrieste.it\/de\/wp-json\/wp\/v2\/pages"}],"about":[{"href":"https:\/\/www.hotelmiramaretrieste.it\/de\/wp-json\/wp\/v2\/types\/page"}],"author":[{"embeddable":true,"href":"https:\/\/www.hotelmiramaretrieste.it\/de\/wp-json\/wp\/v2\/users\/2"}],"replies":[{"embeddable":true,"href":"https:\/\/www.hotelmiramaretrieste.it\/de\/wp-json\/wp\/v2\/comments?post=3468"}],"version-history":[{"count":3,"href":"https:\/\/www.hotelmiramaretrieste.it\/de\/wp-json\/wp\/v2\/pages\/3468\/revisions"}],"predecessor-version":[{"id":3759,"href":"https:\/\/www.hotelmiramaretrieste.it\/de\/wp-json\/wp\/v2\/pages\/3468\/revisions\/3759"}],"wp:attachment":[{"href":"https:\/\/www.hotelmiramaretrieste.it\/de\/wp-json\/wp\/v2\/media?parent=3468"}],"curies":[{"name":"wp","href":"https:\/\/api.w.org\/{rel}","templated":true}]}}